{"id":999,"date":"2026-04-14T20:24:50","date_gmt":"2026-04-14T20:24:50","guid":{"rendered":"https:\/\/www.eslemay.com\/?post_type=product&#038;p=999"},"modified":"2026-04-17T10:11:06","modified_gmt":"2026-04-17T10:11:06","slug":"izgara-zeytin-1-kg","status":"publish","type":"product","link":"https:\/\/www.eslemay.com\/index.php\/product\/izgara-zeytin-1-kg\/","title":{"rendered":"Izgara Ye\u015fil Zeytin 1 KG"},"content":{"rendered":"<p>\u00d6ZENLE SE\u00c7\u0130LM\u0130\u015e ETL\u0130 ZEYT\u0130NLER\u0130N IZGARADA HAF\u0130F\u00c7E K\u00d6ZLENMES\u0130YLE HAZIRLANAN IZGARA ZEYT\u0130N\u0130M\u0130Z,SOFRALARA E\u015eS\u0130Z B\u0130R AROMA KATAR.IZGARA \u0130\u015eLEM\u0130 SAYES\u0130NDE ZEYT\u0130N\u0130N DO\u011eAL LEZZET\u0130 YO\u011eUNLA\u015eIR,HAF\u0130F \u0130SL\u0130 TADIYLA DAMAKTA KALICI B\u0130R \u0130Z BIRAKIR.KAHVALTILARDA,SALATALARDA,MEZE TABAKLARINDA KEY\u0130FLE T\u00dcKET\u0130LEB\u0130L\u0130R.ZEEYT\u0130NSEVERLER \u0130\u00c7\u0130N VAZGE\u00c7\u0130LMEZ B\u0130R ALTERNAT\u0130FT\u0130R.<\/p>\n","protected":false},"excerpt":{"rendered":"<p><img fetchpriority=\"high\" decoding=\"async\" class=\"alignnone size-medium wp-image-1071\" src=\"https:\/\/www.eslemay.com\/wp-content\/uploads\/2026\/04\/izgara-yesil-zeytin-300x200.jpg\" alt=\"\" width=\"300\" height=\"200\" srcset=\"https:\/\/www.eslemay.com\/wp-content\/uploads\/2026\/04\/izgara-yesil-zeytin-300x200.jpg 300w, https:\/\/www.eslemay.com\/wp-content\/uploads\/2026\/04\/izgara-yesil-zeytin-1024x683.jpg 1024w, https:\/\/www.eslemay.com\/wp-content\/uploads\/2026\/04\/izgara-yesil-zeytin-768x512.jpg 768w, https:\/\/www.eslemay.com\/wp-content\/uploads\/2026\/04\/izgara-yesil-zeytin-600x400.jpg 600w, https:\/\/www.eslemay.com\/wp-content\/uploads\/2026\/04\/izgara-yesil-zeytin.jpg 1536w\" sizes=\"(max-width: 300px) 100vw, 300px\" \/><\/p>\n","protected":false},"featured_media":1071,"comment_status":"open","ping_status":"closed","template":"","meta":[],"product_brand":[],"product_cat":[37],"product_tag":[],"class_list":{"0":"post-999","1":"product","2":"type-product","3":"status-publish","4":"has-post-thumbnail","6":"product_cat-yz","8":"first","9":"instock","10":"featured","11":"shipping-taxable","12":"product-type-simple"},"_links":{"self":[{"href":"https:\/\/www.eslemay.com\/index.php\/wp-json\/wp\/v2\/product\/999","targetHints":{"allow":["GET"]}}],"collection":[{"href":"https:\/\/www.eslemay.com\/index.php\/wp-json\/wp\/v2\/product"}],"about":[{"href":"https:\/\/www.eslemay.com\/index.php\/wp-json\/wp\/v2\/types\/product"}],"replies":[{"embeddable":true,"href":"https:\/\/www.eslemay.com\/index.php\/wp-json\/wp\/v2\/comments?post=999"}],"version-history":[{"count":4,"href":"https:\/\/www.eslemay.com\/index.php\/wp-json\/wp\/v2\/product\/999\/revisions"}],"predecessor-version":[{"id":1072,"href":"https:\/\/www.eslemay.com\/index.php\/wp-json\/wp\/v2\/product\/999\/revisions\/1072"}],"wp:featuredmedia":[{"embeddable":true,"href":"https:\/\/www.eslemay.com\/index.php\/wp-json\/wp\/v2\/media\/1071"}],"wp:attachment":[{"href":"https:\/\/www.eslemay.com\/index.php\/wp-json\/wp\/v2\/media?parent=999"}],"wp:term":[{"taxonomy":"product_brand","embeddable":true,"href":"https:\/\/www.eslemay.com\/index.php\/wp-json\/wp\/v2\/product_brand?post=999"},{"taxonomy":"product_cat","embeddable":true,"href":"https:\/\/www.eslemay.com\/index.php\/wp-json\/wp\/v2\/product_cat?post=999"},{"taxonomy":"product_tag","embeddable":true,"href":"https:\/\/www.eslemay.com\/index.php\/wp-json\/wp\/v2\/product_tag?post=999"}],"curies":[{"name":"wp","href":"https:\/\/api.w.org\/{rel}","templated":true}]}}