{"id":990,"date":"2026-04-14T20:13:33","date_gmt":"2026-04-14T20:13:33","guid":{"rendered":"https:\/\/www.eslemay.com\/?post_type=product&#038;p=990"},"modified":"2026-04-15T07:37:50","modified_gmt":"2026-04-15T07:37:50","slug":"mega-boy-yagli-sele-sofralik-siyah-zeytin-2-kg","status":"publish","type":"product","link":"https:\/\/www.eslemay.com\/index.php\/product\/mega-boy-yagli-sele-sofralik-siyah-zeytin-2-kg\/","title":{"rendered":"MEGA BOY YA\u011eLI SELE SOFRALIK S\u0130YAH ZEYT\u0130N 2 KG"},"content":{"rendered":"<p>ZEYT\u0130NLER\u0130M\u0130Z KAYA TUZU \u0130LE FERMENTE ED\u0130LMEKTED\u0130R.291-320 KAL\u0130BRE ARALI\u011eINDADIR.K\u00dc\u00c7\u00dcK,KAHVERENG\u0130 \u00c7EK\u0130RDEKL\u0130 VE ETL\u0130D\u0130R.<\/p>\n<p>Manisa&#8217;n\u0131n Akhisar il\u00e7esinde kendi bah\u00e7elerimizde geleneksel y\u00f6ntemlerle \u00f6zenle ve sevgi ile yeti\u015ftirdi\u011fimiz zeytinlerimiz Hasat zaman\u0131 tam siyah olarak dal\u0131ndan elle topland\u0131 Yakla\u015f\u0131k 1 y\u0131l boyunca varillerde yuvarlanarak tuzun e\u015fit da\u011f\u0131lmas\u0131 ve zeytinin ac\u0131 suyunu atmas\u0131 sa\u011flanarak fermante edidi Fermante sonras\u0131nda m\u0131s\u0131r \u00f6z\u00fc ya\u011f\u0131 ilavesi ile naturel tarzda haz\u0131rlan\u0131p hijyenik ortamda paketlendi Hi\u00e7 bir \u015fekilde kimyasal, renklendirici vs. katk\u0131 maddesi i\u00e7ermez %100 do\u011fal Tamamen emek ve sevgi ile haz\u0131rlad\u0131\u011f\u0131m\u0131z zeytinlerimizi sofralar\u0131n\u0131za ula\u015ft\u0131rmak en b\u00fcy\u00fck mutlulu\u011fumuz<\/p>\n","protected":false},"excerpt":{"rendered":"<p><img fetchpriority=\"high\" decoding=\"async\" class=\"alignnone size-medium wp-image-991\" src=\"https:\/\/www.eslemay.com\/wp-content\/uploads\/2026\/04\/mega-boy-yagli-sele-sofralik-siyah-zeytin-2-kg-siyah-zeytin-cerenay-zeytincilik-210-70-O-225x300.jpeg\" alt=\"\" width=\"225\" height=\"300\" \/><\/p>\n","protected":false},"featured_media":0,"comment_status":"open","ping_status":"closed","template":"","meta":[],"product_brand":[],"product_cat":[15],"product_tag":[],"class_list":{"0":"post-990","1":"product","2":"type-product","3":"status-publish","5":"product_cat-uncategorized","7":"first","8":"instock","9":"featured","10":"shipping-taxable","11":"product-type-simple"},"_links":{"self":[{"href":"https:\/\/www.eslemay.com\/index.php\/wp-json\/wp\/v2\/product\/990","targetHints":{"allow":["GET"]}}],"collection":[{"href":"https:\/\/www.eslemay.com\/index.php\/wp-json\/wp\/v2\/product"}],"about":[{"href":"https:\/\/www.eslemay.com\/index.php\/wp-json\/wp\/v2\/types\/product"}],"replies":[{"embeddable":true,"href":"https:\/\/www.eslemay.com\/index.php\/wp-json\/wp\/v2\/comments?post=990"}],"version-history":[{"count":1,"href":"https:\/\/www.eslemay.com\/index.php\/wp-json\/wp\/v2\/product\/990\/revisions"}],"predecessor-version":[{"id":992,"href":"https:\/\/www.eslemay.com\/index.php\/wp-json\/wp\/v2\/product\/990\/revisions\/992"}],"wp:attachment":[{"href":"https:\/\/www.eslemay.com\/index.php\/wp-json\/wp\/v2\/media?parent=990"}],"wp:term":[{"taxonomy":"product_brand","embeddable":true,"href":"https:\/\/www.eslemay.com\/index.php\/wp-json\/wp\/v2\/product_brand?post=990"},{"taxonomy":"product_cat","embeddable":true,"href":"https:\/\/www.eslemay.com\/index.php\/wp-json\/wp\/v2\/product_cat?post=990"},{"taxonomy":"product_tag","embeddable":true,"href":"https:\/\/www.eslemay.com\/index.php\/wp-json\/wp\/v2\/product_tag?post=990"}],"curies":[{"name":"wp","href":"https:\/\/api.w.org\/{rel}","templated":true}]}}