{"id":1002,"date":"2026-04-14T20:27:20","date_gmt":"2026-04-14T20:27:20","guid":{"rendered":"https:\/\/www.eslemay.com\/?post_type=product&#038;p=1002"},"modified":"2026-04-17T10:08:07","modified_gmt":"2026-04-17T10:08:07","slug":"biber-dolgulu-zeytin-10-kg","status":"publish","type":"product","link":"https:\/\/www.eslemay.com\/index.php\/product\/biber-dolgulu-zeytin-10-kg\/","title":{"rendered":"Biber Dolgulu Zeytin 10 KG"},"content":{"rendered":"<p>\u00d6ZENLE SE\u00c7\u0130LM\u0130\u015e \u0130R\u0130 VE ETL\u0130 ZEYT\u0130NLER\u0130N,DO\u011eAL,KIRMIZI B\u0130BER DOLGUSUYLA B\u0130R ARAYA GELMES\u0130YLE HAZIRLANAN B\u0130BERL\u0130 ZEYT\u0130N\u0130M\u0130Z,DENGEL\u0130 VE ZENG\u0130N AROMASIYLA SOFRALARA RENK KATAR.ZEYT\u0130N VE B\u0130BER\u0130N TADI M\u00dcKEMMEL B\u0130R UYUM SA\u011eLAR.KAHVALTILARDA,SALATA VE MEZE TABAKLARINDA KEY\u0130FLE T\u00dcKET\u0130LEB\u0130L\u0130R.LEZZET\u0130YLE \u00d6NE \u00c7IKAN B\u0130BER DOLGULU ZEYT\u0130N\u0130M\u0130Z,KLAS\u0130K AMA VAZG\u0130LMEZ B\u0130R SE\u00c7ENEKT\u0130R.<\/p>\n","protected":false},"excerpt":{"rendered":"<p><img fetchpriority=\"high\" decoding=\"async\" class=\"alignnone size-medium wp-image-1068\" src=\"https:\/\/www.eslemay.com\/wp-content\/uploads\/2026\/04\/biber-dolgulu-yesil-zeytn-300x200.jpg\" alt=\"\" width=\"300\" height=\"200\" srcset=\"https:\/\/www.eslemay.com\/wp-content\/uploads\/2026\/04\/biber-dolgulu-yesil-zeytn-300x200.jpg 300w, https:\/\/www.eslemay.com\/wp-content\/uploads\/2026\/04\/biber-dolgulu-yesil-zeytn-1024x683.jpg 1024w, https:\/\/www.eslemay.com\/wp-content\/uploads\/2026\/04\/biber-dolgulu-yesil-zeytn-768x512.jpg 768w, https:\/\/www.eslemay.com\/wp-content\/uploads\/2026\/04\/biber-dolgulu-yesil-zeytn-600x400.jpg 600w, https:\/\/www.eslemay.com\/wp-content\/uploads\/2026\/04\/biber-dolgulu-yesil-zeytn.jpg 1536w\" sizes=\"(max-width: 300px) 100vw, 300px\" \/><\/p>\n","protected":false},"featured_media":1068,"comment_status":"open","ping_status":"closed","template":"","meta":[],"product_brand":[],"product_cat":[37],"product_tag":[],"class_list":{"0":"post-1002","1":"product","2":"type-product","3":"status-publish","4":"has-post-thumbnail","6":"product_cat-yz","8":"first","9":"instock","10":"featured","11":"shipping-taxable","12":"product-type-simple"},"_links":{"self":[{"href":"https:\/\/www.eslemay.com\/index.php\/wp-json\/wp\/v2\/product\/1002","targetHints":{"allow":["GET"]}}],"collection":[{"href":"https:\/\/www.eslemay.com\/index.php\/wp-json\/wp\/v2\/product"}],"about":[{"href":"https:\/\/www.eslemay.com\/index.php\/wp-json\/wp\/v2\/types\/product"}],"replies":[{"embeddable":true,"href":"https:\/\/www.eslemay.com\/index.php\/wp-json\/wp\/v2\/comments?post=1002"}],"version-history":[{"count":3,"href":"https:\/\/www.eslemay.com\/index.php\/wp-json\/wp\/v2\/product\/1002\/revisions"}],"predecessor-version":[{"id":1069,"href":"https:\/\/www.eslemay.com\/index.php\/wp-json\/wp\/v2\/product\/1002\/revisions\/1069"}],"wp:featuredmedia":[{"embeddable":true,"href":"https:\/\/www.eslemay.com\/index.php\/wp-json\/wp\/v2\/media\/1068"}],"wp:attachment":[{"href":"https:\/\/www.eslemay.com\/index.php\/wp-json\/wp\/v2\/media?parent=1002"}],"wp:term":[{"taxonomy":"product_brand","embeddable":true,"href":"https:\/\/www.eslemay.com\/index.php\/wp-json\/wp\/v2\/product_brand?post=1002"},{"taxonomy":"product_cat","embeddable":true,"href":"https:\/\/www.eslemay.com\/index.php\/wp-json\/wp\/v2\/product_cat?post=1002"},{"taxonomy":"product_tag","embeddable":true,"href":"https:\/\/www.eslemay.com\/index.php\/wp-json\/wp\/v2\/product_tag?post=1002"}],"curies":[{"name":"wp","href":"https:\/\/api.w.org\/{rel}","templated":true}]}}